{"id":56,"date":"2017-02-15T20:39:37","date_gmt":"2017-02-15T19:39:37","guid":{"rendered":"http:\/\/pilzberatungsurselva.info\/?page_id=56"},"modified":"2022-04-28T20:54:55","modified_gmt":"2022-04-28T18:54:55","slug":"ueber-uns","status":"publish","type":"page","link":"http:\/\/pilzberatungsurselva.info\/index.php\/ueber-uns\/","title":{"rendered":"\u00dcber Uns"},"content":{"rendered":"\t\t<div data-elementor-type=\"wp-page\" data-elementor-id=\"56\" class=\"elementor elementor-56\">\n\t\t\t\t\t\t\t\t\t<section class=\"elementor-section elementor-top-section elementor-element elementor-element-305ce8f elementor-section-boxed elementor-section-height-default elementor-section-height-default\" data-id=\"305ce8f\" data-element_type=\"section\">\n\t\t\t\t\t\t<div class=\"elementor-container elementor-column-gap-default\">\n\t\t\t\t\t<div class=\"elementor-column elementor-col-100 elementor-top-column elementor-element elementor-element-1704448\" data-id=\"1704448\" data-element_type=\"column\">\n\t\t\t<div class=\"elementor-widget-wrap elementor-element-populated\">\n\t\t\t\t\t\t\t\t<div class=\"elementor-element elementor-element-e70e717 elementor-widget elementor-widget-text-editor\" data-id=\"e70e717\" data-element_type=\"widget\" data-widget_type=\"text-editor.default\">\n\t\t\t\t<div class=\"elementor-widget-container\">\n\t\t\t<style>\/*! elementor - v3.6.5 - 27-04-2022 *\/\n.elementor-widget-text-editor.elementor-drop-cap-view-stacked .elementor-drop-cap{background-color:#818a91;color:#fff}.elementor-widget-text-editor.elementor-drop-cap-view-framed .elementor-drop-cap{color:#818a91;border:3px solid;background-color:transparent}.elementor-widget-text-editor:not(.elementor-drop-cap-view-default) .elementor-drop-cap{margin-top:8px}.elementor-widget-text-editor:not(.elementor-drop-cap-view-default) .elementor-drop-cap-letter{width:1em;height:1em}.elementor-widget-text-editor .elementor-drop-cap{float:left;text-align:center;line-height:1;font-size:50px}.elementor-widget-text-editor .elementor-drop-cap-letter{display:inline-block}<\/style>\t\t\t\t<p style=\"background: white; margin: 0cm 0cm 12.0pt 0cm;\"><span style=\"font-family: 'Pontano Sans'; color: #505050;\">Unsere Faszination an der Natur und unser Interesse an Pilzen haben uns zu diesem Beruf gebracht, den wir heute mit viel Freude aus\u00fcben.<\/span><\/p>\n<p style=\"background: white; margin: 0cm 0cm 12.0pt 0cm;\"><span style=\"font-family: 'Pontano Sans'; color: #505050;\">Wir verbringen viel Zeit im Wald und bewundern die Sch\u00f6nheiten der Pilzwelt. <\/span><\/p>\n<p style=\"background: white; margin: 0cm 0cm 12.0pt 0cm;\"><span style=\"font-family: 'Pontano Sans'; color: #505050;\">Egmont Heisch aus Cumbel ist seit 2001 amtlich anerkannter Pilzfachmann und Lia Heini-Piacentini, wohnhaft in Siat, hat im Jahr 2012 die Anerkennung zur amtlichen Pilzfachfrau erhalten.<\/span><\/p>\n<p style=\"background: white; margin: 0cm 0cm 12.0pt 0cm;\"><span style=\"font-family: 'Pontano Sans'; color: #505050;\">Seit gut zehn Jahren leiten wir die Pilzberatung Surselva. An f\u00fcnf Tagen in der Woche kontrollieren wir an einer amtlichen Pilzkontrollstelle jeweils eine Stunde die Pilze, welche von Einheimischen und Ferieng\u00e4sten gesammelt wurden. Ausserhalb dieser Zeit pr\u00fcfen wir gerne die Pilze nach telefonischer Vereinbarung. Die Kontrollen sind f\u00fcr die Pilzsammler kostenlos.<\/span><\/p>\n<p style=\"background: white; margin: 0cm 0cm 12.0pt 0cm;\"><span style=\"font-family: 'Pontano Sans'; color: #505050;\">Neben der Pilzkontrolle bieten wir auch Pilzexkursionen und Pilzseminare an. Dabei geht es nicht um m\u00f6glichst viele Pilze zu sammeln, sondern die wunderbare Welt der Pilze kennen zu lernen.<\/span><\/p>\n<p style=\"background: white; margin: 0cm 0cm 12.0pt 0cm;\"><span style=\"font-family: 'Pontano Sans'; color: #505050;\">Regelm\u00e4ssig besuchen wir Weiterbildungen und Pilzseminare in der Schweiz und auch in Deutschland.<\/span><\/p>\t\t\t\t\t\t<\/div>\n\t\t\t\t<\/div>\n\t\t\t\t\t<\/div>\n\t\t<\/div>\n\t\t\t\t\t\t\t<\/div>\n\t\t<\/section>\n\t\t\t\t<section class=\"elementor-section elementor-top-section elementor-element elementor-element-2ea784b elementor-section-boxed elementor-section-height-default elementor-section-height-default\" data-id=\"2ea784b\" data-element_type=\"section\">\n\t\t\t\t\t\t<div class=\"elementor-container elementor-column-gap-default\">\n\t\t\t\t\t<div class=\"elementor-column elementor-col-50 elementor-top-column elementor-element elementor-element-381b38c\" data-id=\"381b38c\" data-element_type=\"column\">\n\t\t\t<div class=\"elementor-widget-wrap elementor-element-populated\">\n\t\t\t\t\t\t\t\t<div class=\"elementor-element elementor-element-0677e37 elementor-widget elementor-widget-image\" data-id=\"0677e37\" data-element_type=\"widget\" data-widget_type=\"image.default\">\n\t\t\t\t<div class=\"elementor-widget-container\">\n\t\t\t<style>\/*! elementor - v3.6.5 - 27-04-2022 *\/\n.elementor-widget-image{text-align:center}.elementor-widget-image a{display:inline-block}.elementor-widget-image a img[src$=\".svg\"]{width:48px}.elementor-widget-image img{vertical-align:middle;display:inline-block}<\/style>\t\t\t\t\t\t\t\t\t<figure class=\"wp-caption\">\n\t\t\t\t\t\t\t\t\t\t<img decoding=\"async\" width=\"515\" height=\"764\" src=\"http:\/\/pilzberatungsurselva.info\/wp-content\/uploads\/2022\/04\/1960877e-16e1-4fa8-a8a3-4b3c86fb8112.jpg\" class=\"attachment-large size-large\" alt=\"\" loading=\"lazy\" srcset=\"http:\/\/pilzberatungsurselva.info\/wp-content\/uploads\/2022\/04\/1960877e-16e1-4fa8-a8a3-4b3c86fb8112.jpg 515w, http:\/\/pilzberatungsurselva.info\/wp-content\/uploads\/2022\/04\/1960877e-16e1-4fa8-a8a3-4b3c86fb8112-202x300.jpg 202w\" sizes=\"(max-width: 515px) 100vw, 515px\" \/>\t\t\t\t\t\t\t\t\t\t\t<figcaption class=\"widget-image-caption wp-caption-text\">Egmont Heisch<\/figcaption>\n\t\t\t\t\t\t\t\t\t\t<\/figure>\n\t\t\t\t\t\t\t\t\t<\/div>\n\t\t\t\t<\/div>\n\t\t\t\t\t<\/div>\n\t\t<\/div>\n\t\t\t\t<div class=\"elementor-column elementor-col-50 elementor-top-column elementor-element elementor-element-9958b00\" data-id=\"9958b00\" data-element_type=\"column\">\n\t\t\t<div class=\"elementor-widget-wrap elementor-element-populated\">\n\t\t\t\t\t\t\t\t<div class=\"elementor-element elementor-element-07b4abf elementor-widget elementor-widget-image\" data-id=\"07b4abf\" data-element_type=\"widget\" data-widget_type=\"image.default\">\n\t\t\t\t<div class=\"elementor-widget-container\">\n\t\t\t\t\t\t\t\t\t\t\t\t<figure class=\"wp-caption\">\n\t\t\t\t\t\t\t\t\t\t<img decoding=\"async\" width=\"640\" height=\"948\" src=\"http:\/\/pilzberatungsurselva.info\/wp-content\/uploads\/2022\/04\/DSCPDC_0001_BURST20190427143214589_COVER-1-691x1024.jpg\" class=\"attachment-large size-large\" alt=\"\" loading=\"lazy\" srcset=\"http:\/\/pilzberatungsurselva.info\/wp-content\/uploads\/2022\/04\/DSCPDC_0001_BURST20190427143214589_COVER-1-691x1024.jpg 691w, http:\/\/pilzberatungsurselva.info\/wp-content\/uploads\/2022\/04\/DSCPDC_0001_BURST20190427143214589_COVER-1-202x300.jpg 202w, http:\/\/pilzberatungsurselva.info\/wp-content\/uploads\/2022\/04\/DSCPDC_0001_BURST20190427143214589_COVER-1-768x1138.jpg 768w, http:\/\/pilzberatungsurselva.info\/wp-content\/uploads\/2022\/04\/DSCPDC_0001_BURST20190427143214589_COVER-1.jpg 900w\" sizes=\"(max-width: 640px) 100vw, 640px\" \/>\t\t\t\t\t\t\t\t\t\t\t<figcaption class=\"widget-image-caption wp-caption-text\">Lia Heini-Piacentini<\/figcaption>\n\t\t\t\t\t\t\t\t\t\t<\/figure>\n\t\t\t\t\t\t\t\t\t<\/div>\n\t\t\t\t<\/div>\n\t\t\t\t\t<\/div>\n\t\t<\/div>\n\t\t\t\t\t\t\t<\/div>\n\t\t<\/section>\n\t\t\t\t\t\t\t<\/div>\n\t\t","protected":false},"excerpt":{"rendered":"<p>Unsere Faszination an der Natur und unser Interesse an Pilzen haben uns zu diesem Beruf gebracht, den wir heute mit viel Freude aus\u00fcben. Wir verbringen viel Zeit im Wald und bewundern die Sch\u00f6nheiten der Pilzwelt. Egmont Heisch aus Cumbel ist seit 2001 amtlich anerkannter Pilzfachmann und Lia Heini-Piacentini, wohnhaft in Siat, hat im Jahr 2012 [&hellip;]<\/p>\n","protected":false},"author":1,"featured_media":0,"parent":0,"menu_order":0,"comment_status":"closed","ping_status":"closed","template":"","meta":[],"_links":{"self":[{"href":"http:\/\/pilzberatungsurselva.info\/index.php\/wp-json\/wp\/v2\/pages\/56"}],"collection":[{"href":"http:\/\/pilzberatungsurselva.info\/index.php\/wp-json\/wp\/v2\/pages"}],"about":[{"href":"http:\/\/pilzberatungsurselva.info\/index.php\/wp-json\/wp\/v2\/types\/page"}],"author":[{"embeddable":true,"href":"http:\/\/pilzberatungsurselva.info\/index.php\/wp-json\/wp\/v2\/users\/1"}],"replies":[{"embeddable":true,"href":"http:\/\/pilzberatungsurselva.info\/index.php\/wp-json\/wp\/v2\/comments?post=56"}],"version-history":[{"count":7,"href":"http:\/\/pilzberatungsurselva.info\/index.php\/wp-json\/wp\/v2\/pages\/56\/revisions"}],"predecessor-version":[{"id":308,"href":"http:\/\/pilzberatungsurselva.info\/index.php\/wp-json\/wp\/v2\/pages\/56\/revisions\/308"}],"wp:attachment":[{"href":"http:\/\/pilzberatungsurselva.info\/index.php\/wp-json\/wp\/v2\/media?parent=56"}],"curies":[{"name":"wp","href":"https:\/\/api.w.org\/{rel}","templated":true}]}}