{"id":44,"date":"2017-02-15T20:38:44","date_gmt":"2017-02-15T19:38:44","guid":{"rendered":"http:\/\/pilzberatungsurselva.info\/?page_id=44"},"modified":"2026-05-04T22:50:32","modified_gmt":"2026-05-04T20:50:32","slug":"kurse","status":"publish","type":"page","link":"http:\/\/pilzberatungsurselva.info\/index.php\/kurse\/","title":{"rendered":"Kurse"},"content":{"rendered":"<p><img decoding=\"async\" class=\"aligncenter size-full wp-image-251\" src=\"http:\/\/pilzberatungsurselva.info\/wp-content\/uploads\/2026\/05\/Pilzberatung26.png\" alt=\"\" width=\"100%\"><\/p>\n<div style=\"text-align: center;\"><a id=\"a_button\" href=\"http:\/\/pilzberatungsurselva.info\/wp-content\/uploads\/2026\/05\/Pilzberatung26.pdf\" target=\"_blank\" rel=\"noopener\"><span id=\"download_button\">Download PDF<\/span><\/a><\/div>\n<p><strong>Angebot<\/strong><br \/>\nWeitere Pilzexkursionen k\u00f6nnen nach telefonischer Vereinbarung organisiert werden.<\/p>\n<div style=\"background-color:#cce8d8; padding: 10px\">Wir werden versuchen, m\u00f6glichst alle Veranstaltungen durchzuf\u00fchren. \u00dcber die Vielfalt und Menge der Pilze wird Mutter Natur entscheiden. Unsere Exkursionen sind keine Pilzsammeltage, sie sollen den Teilnehmern einen Einblick in die geheimnisvolle Welt der Pilze geben.<\/div>\n<p><span style=\"font-size:8px\">&nbsp;<\/span><\/p>\n<p><strong>Kosten<\/strong><\/p>\n<table>\n<tbody>\n<tr>\n<td style=\"color: #039b4f;\">1<\/td>\n<td><\/td>\n<td style=\"color: #039b4f;\">Tagesexkursion:<\/td>\n<td><\/td>\n<td>50.00 CHF pro Person (Kinder gratis)<\/td>\n<\/tr>\n<tr>\n<td style=\"color: #039b4f;\">2<\/td>\n<td><\/td>\n<td style=\"color: #039b4f;\">Pilzwochenende:<\/td>\n<td><\/td>\n<td>80.00 CHF pro Person (40.00 CHF Kinder bis 15 Jahre)<\/td>\n<\/tr>\n<tr>\n<td style=\"color: #039b4f; vertical-align:top;\">3<\/td>\n<td><\/td>\n<td style=\"color: #039b4f;\">Tagesexkursion:<br \/>\ninkl. Verpflegung<\/td>\n<td><\/td>\n<td style=\"vertical-align:top;\">60.00 CHF pro Person<\/td>\n<\/tr>\n<tr>\n<td style=\"color: #039b4f;\">4<\/td>\n<td><\/td>\n<td style=\"color: #039b4f;\">Nach Anfrage<\/td>\n<td><\/td>\n<td><\/td>\n<\/tr>\n<\/tbody>\n<\/table>\n<p><strong>Ausr\u00fcstung<\/strong><br \/>\nZur richtigen Ausr\u00fcstung geh\u00f6ren neben der waldgerechten Kleidung ein Korb und ein Messer. Wer keinen Korb besitzt kann auch eine Stofftasche oder Papiertasche nehmen, jedoch <b>nie<\/b> eine Plastiktasche, weil sich die Pilze dort erw\u00e4rmen und es zu einer Eiweisszersetzung kommen kann.<\/p>\n<p><strong>Informations-B\u00fcros<\/strong><\/p>\n<table>\n<tbody>\n<tr>\n<td>Brigels<\/td>\n<td><\/td>\n<td><a href=\"mailto:brigels@surselva.info\">brigels@surselva.info<\/a><\/td>\n<td><\/td>\n<td><a href=\"tel:+41819411331\">081 941 13 31<\/a><\/td>\n<\/tr>\n<tr>\n<td>Obersaxen<\/td>\n<td><\/td>\n<td><a href=\"mailto:obersaxen@surselva.info\">obersaxen@surselva.info<\/a><\/td>\n<td><\/td>\n<td><a href=\"tel:+41819332222\">081 933 22 22<\/a><\/td>\n<\/tr>\n<tr>\n<td>Val Lumnezia<\/td>\n<td><\/td>\n<td><a href=\"mailto:vallumnezia@surselva.info\">vallumnezia@surselva.info<\/a><\/td>\n<td><\/td>\n<td><a href=\"tel:+41819131858\">081 931 18 58<\/a><\/td>\n<\/tr>\n<tr>\n<td>Ilanz\/Surselva<\/td>\n<td><\/td>\n<td><a href=\"ilanz@surselva.info\">ilanz@surselva.info<\/a><\/td>\n<td><\/td>\n<td><a href=\"tel:+41819201105\">081 920 11 05<\/a><\/td>\n<\/tr>\n<\/tbody>\n<\/table>\n","protected":false},"excerpt":{"rendered":"<p>Download PDF Angebot Weitere Pilzexkursionen k\u00f6nnen nach telefonischer Vereinbarung organisiert werden. Wir werden versuchen, m\u00f6glichst alle Veranstaltungen durchzuf\u00fchren. \u00dcber die Vielfalt und Menge der Pilze wird Mutter Natur entscheiden. Unsere Exkursionen sind keine Pilzsammeltage, sie sollen den Teilnehmern einen Einblick in die geheimnisvolle Welt der Pilze geben. &nbsp; Kosten 1 Tagesexkursion: 50.00 CHF pro Person [&hellip;]<\/p>\n","protected":false},"author":1,"featured_media":0,"parent":0,"menu_order":0,"comment_status":"closed","ping_status":"closed","template":"","meta":[],"_links":{"self":[{"href":"http:\/\/pilzberatungsurselva.info\/index.php\/wp-json\/wp\/v2\/pages\/44"}],"collection":[{"href":"http:\/\/pilzberatungsurselva.info\/index.php\/wp-json\/wp\/v2\/pages"}],"about":[{"href":"http:\/\/pilzberatungsurselva.info\/index.php\/wp-json\/wp\/v2\/types\/page"}],"author":[{"embeddable":true,"href":"http:\/\/pilzberatungsurselva.info\/index.php\/wp-json\/wp\/v2\/users\/1"}],"replies":[{"embeddable":true,"href":"http:\/\/pilzberatungsurselva.info\/index.php\/wp-json\/wp\/v2\/comments?post=44"}],"version-history":[{"count":59,"href":"http:\/\/pilzberatungsurselva.info\/index.php\/wp-json\/wp\/v2\/pages\/44\/revisions"}],"predecessor-version":[{"id":352,"href":"http:\/\/pilzberatungsurselva.info\/index.php\/wp-json\/wp\/v2\/pages\/44\/revisions\/352"}],"wp:attachment":[{"href":"http:\/\/pilzberatungsurselva.info\/index.php\/wp-json\/wp\/v2\/media?parent=44"}],"curies":[{"name":"wp","href":"https:\/\/api.w.org\/{rel}","templated":true}]}}