{"id":36,"date":"2017-02-15T20:36:15","date_gmt":"2017-02-15T19:36:15","guid":{"rendered":"http:\/\/pilzberatungsurselva.info\/?page_id=36"},"modified":"2026-05-04T22:49:39","modified_gmt":"2026-05-04T20:49:39","slug":"kontrollen","status":"publish","type":"page","link":"http:\/\/pilzberatungsurselva.info\/index.php\/kontrollen\/","title":{"rendered":"Kontrollen"},"content":{"rendered":"<p>&nbsp;<\/p>\n<p><img decoding=\"async\" class=\"aligncenter size-full wp-image-247\" src=\"http:\/\/pilzberatungsurselva.info\/wp-content\/uploads\/2026\/05\/Pilzkontrollen26.png\" alt=\"\" width=\"100%\"><\/p>\n<div style=\"text-align: center;\"><a id=\"a_button\" href=\"http:\/\/pilzberatungsurselva.info\/wp-content\/uploads\/2026\/05\/Pilzkontrollen26.pdf\" target=\"_blank\" rel=\"noopener\"><span id=\"download_button\">Download PDF<\/span><\/a><\/div>\n<p>&nbsp;<\/p>\n<h2>Kontrollstellen in unserer Region<\/h2>\n<p>Die Pilzberatung Surselva hat eine lange Tradition Sie besteht bereits seit mehr als 40 Jahren. Pionier dieser Dienstleistung ist Hans Ard\u00fcser aus Laax. Mit seinem Wissen und seiner Liebe zur Natur ist aus ihm wahrlich ein \u201eLexikon auf Reisen\u201c geworden. Dank ihm ist die Surselva als wichtige Region betreffend der Vielfalt der Flora und Pilze bekannt geworden. In unseren W\u00e4ldern und auf Magerwiesen findet man eine interessante Vielfalt an Blumen, Kr\u00e4utern und nat\u00fcrlich auch eine grosse Anzahl an Pilzarten.<br \/>\nHans Ard\u00fcser hat immer wieder versucht, Nachfolger f\u00fcr die Pilzberatung Surselva zu suchen. Mit mehreren Anl\u00e4ufen ist es ihm gelungen einige f\u00fcr dieses anspruchsvolle Amt zu motivieren. Einige davon haben schlussendlich die Pr\u00fcfung als amtliche Pilzkontrolleure bestanden. F\u00fcr die Pilzberatung Surselva stehen heute noch drei davon zur Verf\u00fcgung.<\/p>\n<h2>Lassen Sie Ihre Pilze kontrollieren<\/h2>\n<p>F\u00fcr Ihre eigene Sicherheit und die ihrer Freunde und Bekannten, lassen sie ihre Pilzernte kontrollieren. (Eine Verwechslung mit Giftpilzen kann viel Leid und hohe Spitalkosten verursachen).<\/p>\n<p>Unser <strong>Ziel<\/strong> besteht darin:<br \/>\n\u2981 in der Lage sein, frische, wildgewachsene Pilze, welche von Pilzsammlern zur Begutachtung vorgelegt werden, mit absoluter Sicherheit nach den Kriterien \u201eessbar\u201c, \u201ekein Speisepilz\u201c oder \u201egiftig\u201c unterscheiden zu k\u00f6nnen<\/p>\n<p>Unsere <strong>Aufgabe<\/strong> besteht darin:<br \/>\n\u2981 das Sammelgut auf Vorhandensein von Giftpilzen zu pr\u00fcfen<br \/>\n\u2981 Sammelgut auf das Vorhandensein von ungeniessbaren Pilzen zu pr\u00fcfen<br \/>\n\u2981 Pilze auf ihren Speisewert zu pr\u00fcfen<br \/>\n\u2981 Pilze bez\u00fcglich ihrer Qualit\u00e4t (Frischegrad, Vermadung, Verschimmelung zu pr\u00fcfen (verdorbene essbare Pilze k\u00f6nnen auch giftig sein)<br \/>\n\u2981 \u00fcber allf\u00e4llige Vorkehrungen bei der Zubereitung zu informieren<br \/>\n\u2981 \u00fcber allf\u00e4llige Schutzvorschriften zu informieren<\/p>\n<h2>Pilzkontrollstelle finden<\/h2>\n<p><a href=\"http:\/\/www.vapko.ch\">www.vapko.ch<\/a> \/ Pilzkontrollstellen<\/p>\n<p>In unserer Region befinden sich drei \u00f6ffentliche Pilzberatungsstellen: Ilanz, Laax und Disentis\/Must\u00e9r (\u00d6ffnungszeiten beachten). Weiterhin kann man Pilze nach telefonischer Vereinbarung in Vals, Cumbel\/Lumnezia und in Siat kontrollieren lassen. Alle Pilzkontrollen sind kostenlos.<br \/>\nWir danken der Region Surselva f\u00fcr die finanzielle Unterst\u00fctzungan unsere Dienstleistungsstelle.<\/p>\n<h2>Schonzeiten finden<\/h2>\n<p><a href=\"http:\/\/www.vapko.ch\">www.vapko.ch<\/a> \/ \u00d6kologie&amp;Pilzschutz &nbsp;&gt; Kantonale und kommunale Pilzsammelbestimmungen<\/p>\n","protected":false},"excerpt":{"rendered":"<p>&nbsp; Download PDF &nbsp; Kontrollstellen in unserer Region Die Pilzberatung Surselva hat eine lange Tradition Sie besteht bereits seit mehr als 40 Jahren. Pionier dieser Dienstleistung ist Hans Ard\u00fcser aus Laax. Mit seinem Wissen und seiner Liebe zur Natur ist aus ihm wahrlich ein \u201eLexikon auf Reisen\u201c geworden. Dank ihm ist die Surselva als wichtige [&hellip;]<\/p>\n","protected":false},"author":1,"featured_media":0,"parent":0,"menu_order":0,"comment_status":"closed","ping_status":"closed","template":"","meta":[],"_links":{"self":[{"href":"http:\/\/pilzberatungsurselva.info\/index.php\/wp-json\/wp\/v2\/pages\/36"}],"collection":[{"href":"http:\/\/pilzberatungsurselva.info\/index.php\/wp-json\/wp\/v2\/pages"}],"about":[{"href":"http:\/\/pilzberatungsurselva.info\/index.php\/wp-json\/wp\/v2\/types\/page"}],"author":[{"embeddable":true,"href":"http:\/\/pilzberatungsurselva.info\/index.php\/wp-json\/wp\/v2\/users\/1"}],"replies":[{"embeddable":true,"href":"http:\/\/pilzberatungsurselva.info\/index.php\/wp-json\/wp\/v2\/comments?post=36"}],"version-history":[{"count":65,"href":"http:\/\/pilzberatungsurselva.info\/index.php\/wp-json\/wp\/v2\/pages\/36\/revisions"}],"predecessor-version":[{"id":351,"href":"http:\/\/pilzberatungsurselva.info\/index.php\/wp-json\/wp\/v2\/pages\/36\/revisions\/351"}],"wp:attachment":[{"href":"http:\/\/pilzberatungsurselva.info\/index.php\/wp-json\/wp\/v2\/media?parent=36"}],"curies":[{"name":"wp","href":"https:\/\/api.w.org\/{rel}","templated":true}]}}